{"id":656,"date":"2017-03-16T11:23:56","date_gmt":"2017-03-16T10:23:56","guid":{"rendered":"http:\/\/wendelinbitzan.de\/?page_id=656"},"modified":"2025-11-26T01:11:15","modified_gmt":"2025-11-26T00:11:15","slug":"portfolio","status":"publish","type":"page","link":"https:\/\/wendelinbitzan.de\/de\/about\/portfolio\/","title":{"rendered":"Leistungsportfolio"},"content":{"rendered":"<h3>Dienstleistungen<\/h3>\n<p><strong>Unterricht in musiktheoretischen und musikhistorischen F\u00e4chern<\/strong><br \/>\nTonsatz und historische Satzlehre<br \/>\nKontrapunkt<br \/>\nHarmonielehre<br \/>\nGeneralbass<br \/>\nLiedbegleitung und stilgebundene Improvisation<br \/>\nMusikalische Analyse<br \/>\nGeh\u00f6rbildung und H\u00f6ranalyse<br \/>\nMusik und Medien<\/p>\n<p><strong>Auftragst\u00e4tigkeiten<\/strong><br \/>\nKomposition und Arrangement<br \/>\nDigitalnotensatz<\/p>\n<p><strong>Publizistische T\u00e4tigkeiten<\/strong><br \/>\nVerfassen von Programmtexten, Werkeinf\u00fchrungen und Booklets<br \/>\nVerfassen von musikwissenschaftlichen und musikanalytischen Texten<br \/>\nLectures, Vortr\u00e4ge und Workshops zu musikhistorischen oder analytischen Themen<br \/>\nKonzert- und Radiomoderationen | Livestreams<br \/>\nTexte f\u00fcr Musiker_innen: Biographien, Konzertank\u00fcndigungen, Webseiten<br \/>\nFachlektorat und Korrekturen<br \/>\nRezensionen von Konzerten und Tontr\u00e4gern<\/p>\n<h3>Referenzen<\/h3>\n<p><a href=\"https:\/\/www.udk-berlin.de\/universitaet\/fakultaet-musik\/\" target=\"_blank\" rel=\"noopener\">Universit\u00e4t der K\u00fcnste Berlin<\/a>, Fakult\u00e4t Musik (Lehrt\u00e4tigkeit, Programmtexte, Moderationen)<br \/>\n<a href=\"https:\/\/www.hfm-berlin.de\/\" target=\"_blank\" rel=\"noopener\">Hochschule f\u00fcr Musik Hanns Eisler Berlin<\/a> (Lehrt\u00e4tigkeit)<br \/>\n<a href=\"https:\/\/www.musikundmedien.hu-berlin.de\/de\/musikwissenschaft\" target=\"_blank\" rel=\"noopener\">Humboldt-Universit\u00e4t zu Berlin<\/a> (Lehrt\u00e4tigkeit)<a href=\"https:\/\/www.simpk.de\/\" target=\"_blank\" rel=\"noopener\"><br \/>\nStaatliches Institut f\u00fcr Musikforschung Berlin<\/a> (Bibliographien)<br \/>\n<a href=\"https:\/\/musikgymnasium-berlin.de\/\" target=\"_blank\" rel=\"noopener\">Carl-Philipp-Emanuel-Bach-Musikgymnasium Berlin<\/a> (Arrangements)<br \/>\n<a href=\"https:\/\/www.chorverband-berlin.de\/\" target=\"_blank\" rel=\"noopener\">Chorverband Berlin <\/a>(Auftragskomposition)<br \/>\n<a href=\"https:\/\/www.berlinermaedchenchor.de\/\" target=\"_blank\" rel=\"noopener\">Berliner M\u00e4dchenchor <\/a>(Programmtexte)<br \/>\n<a href=\"https:\/\/www.berlinerbachakademie.de\/\" target=\"_blank\" rel=\"noopener\">Berliner Bachakademie<\/a> (Editing von Tonaufnahmen)<br \/>\n<a href=\"https:\/\/van-magazin.de\/\" target=\"_blank\" rel=\"noopener\">VAN Magazin<\/a> (Artikel und Besprechungen)<br \/>\n<a href=\"https:\/\/www.impresariat-simmenauer.de\/kuenstler\/puppenphilharmonie-berlin\/\" target=\"_blank\" rel=\"noopener\">Puppenphilharmonie Berlin<\/a> (Liedtexte)<a href=\"https:\/\/www.hfm-detmold.de\/\" target=\"_blank\" rel=\"noopener\"><br \/>\nHochschule f\u00fcr Musik Detmold<\/a> (Lehrt\u00e4tigkeit)<br \/>\n<a href=\"https:\/\/musik.kmst.tu-dortmund.de\/\" target=\"_blank\" rel=\"noopener\">Technische Universit\u00e4t Dortmund<\/a> (Lehrt\u00e4tigkeit)<br \/>\n<a href=\"https:\/\/www.hfmdd.de\/\" target=\"_blank\" rel=\"noopener\">Hochschule f\u00fcr Musik Carl Maria von Weber Dresden<\/a> (Lehrt\u00e4tigkeit)<a href=\"https:\/\/tu-dresden.de\/\" target=\"_blank\" rel=\"noopener\"><br \/>\nTechnische Universit\u00e4t Dresden <\/a>(Korpusstudien musikalische Analyse)<br \/>\n<a href=\"https:\/\/www.rsh-duesseldorf.de\/\" target=\"_blank\" rel=\"noopener\">Robert Schumann Hochschule D\u00fcsseldorf<\/a> (Lehrt\u00e4tigkeit)<br \/>\n<a href=\"https:\/\/www.elbphilharmonie.de\/\" target=\"_blank\" rel=\"noopener\">Laeiszhalle Elbphilharmonie Hamburg<\/a> (Konzerteinf\u00fchrung)<br \/>\n<a href=\"https:\/\/piano-festival-husum.com\/\" target=\"_blank\" rel=\"noopener\">Festival Rarit\u00e4ten der Klaviermusik Husum<\/a> (Programmtexte)<br \/>\n<a href=\"https:\/\/www.kasseler-musiktage.de\/\" target=\"_blank\" rel=\"noopener\">Festival Kasseler Musiktage <\/a>(Programmtexte)<br \/>\n<a href=\"https:\/\/www.baerenreiter.com\" target=\"_blank\" rel=\"noopener\">B\u00e4renreiter-Verlag Kassel<\/a> (Notenedition)<br \/>\n<a href=\"https:\/\/www.epfl.ch\/\" target=\"_blank\" rel=\"noopener\">\u00c9cole Polytechnique F\u00e9d\u00e9rale de Lausanne<\/a> (Korpusstudien musikalische Analyse)<br \/>\n<a href=\"https:\/\/www.theater-magdeburg.de\/\" target=\"_blank\" rel=\"noopener\">Theater Magdeburg <\/a>(Auftragskomposition, Arrangements, Musikvermittlung)<br \/>\n<a href=\"https:\/\/www.wagner-verband-minden.de\/\" target=\"_blank\" rel=\"noopener\">Richard Wagner Verband Minden<\/a> (Auftragskomposition)<br \/>\n<a href=\"https:\/\/www.henle.de\/\" target=\"_blank\" rel=\"noopener\">G. Henle Verlag M\u00fcnchen<\/a> (Notenedition)<br \/>\n<a href=\"https:\/\/www.netzwerk-musikhochschulen.de\/\" target=\"_blank\" rel=\"noopener\">Netzwerk 4.0 der Musikhochschulen<\/a> (Workshop, Moderation Podiumsdiskussion)<br \/>\n<a href=\"https:\/\/www.dtkv-nrw.de\/\" target=\"_blank\" rel=\"noopener\">Tonk\u00fcnstlerverband Nordrhein-Westfalen<\/a> (Musiktheoriekurs)<br \/>\n<a href=\"https:\/\/www.kulturforum.info\/\" target=\"_blank\" rel=\"noopener\">Deutsches Kulturforum \u00f6stliches Europa Potsdam<\/a> (Notensatz)<br \/>\n<a href=\"https:\/\/www.hmt-rostock.de\/\" target=\"_blank\" rel=\"noopener\">Hochschule f\u00fcr Musik und Theater Rostock <\/a>(Lehrt\u00e4tigkeit)<br \/>\n<a href=\"https:\/\/www.kulturmanagement.net\/\" target=\"_blank\" rel=\"noopener\">KM Kulturmanagement Network GmbH Weimar<\/a> (Artikel)<br \/>\n<a href=\"https:\/\/www.wiley-vch.de\/de\/\" target=\"_blank\" rel=\"noopener\">Wiley Verlag VCH Weinheim <\/a>(Fachlektorat)<\/p>\n<h3>Mitgliedschaften<\/h3>\n<p><a href=\"https:\/\/dtkv-berlin.de\/\" target=\"_blank\" rel=\"noopener\">Tonk\u00fcnstlerverband Berlin<\/a>, Gesch\u00e4ftsf\u00fchrer<br \/>\n<a href=\"https:\/\/www.gmth.de\/\" target=\"_blank\" rel=\"noopener\">Gesellschaft f\u00fcr Musiktheorie<\/a> (GMTH), Beisitzer im Vorstand<br \/>\n<a href=\"https:\/\/societymusictheory.org\/\" target=\"_blank\" rel=\"noopener\">Society for Music Theory<\/a> (SMT)<br \/>\n<a href=\"https:\/\/www.musikforschung.de\/\" target=\"_blank\" rel=\"noopener\">Gesellschaft f\u00fcr Musikforschung<\/a> (GfM)<br \/>\n<a href=\"http:\/\/epta-deutschland.de\/\" target=\"_blank\" rel=\"noopener\">European Piano Teachers Association<\/a> (EPTA), Sektion Deutschland<br \/>\n<a href=\"https:\/\/www.promusikverband.de\/\" target=\"_blank\" rel=\"noopener\">PRO MUSIK<\/a> Verband freier Musikschaffender<br \/>\n<a href=\"https:\/\/www.c3s.cc\/\" target=\"_blank\" rel=\"noopener\">Creative Commons Collecting Society<\/a> (C3S)<br \/>\n<a href=\"https:\/\/openmusic.academy\/\" target=\"_blank\" rel=\"noopener\">Open Music Academy Education e. V.<\/a>, Beisitzer im Vorstand<br \/>\n<a href=\"https:\/\/www.medtner-gesellschaft.de\/\" target=\"_blank\" rel=\"noopener\">Internationale Nikolai Medtner Gesellschaft<\/a><br \/>\n<a href=\"https:\/\/www.berlinermaedchenchor.de\/gesellschaft\/\" target=\"_blank\" rel=\"noopener\">Gesellschaft zur F\u00f6rderung des Berliner M\u00e4dchenchores<\/a><\/p>\n","protected":false},"excerpt":{"rendered":"<p>Dienstleistungen Unterricht in musiktheoretischen und musikhistorischen F\u00e4chern Tonsatz und historische Satzlehre Kontrapunkt Harmonielehre Generalbass Liedbegleitung und stilgebundene Improvisation Musikalische Analyse Geh\u00f6rbildung und H\u00f6ranalyse Musik und &hellip;<\/p>\n","protected":false},"author":1,"featured_media":0,"parent":5,"menu_order":0,"comment_status":"closed","ping_status":"closed","template":"","meta":{"jetpack_post_was_ever_published":false,"footnotes":""},"class_list":["post-656","page","type-page","status-publish","hentry"],"jetpack_sharing_enabled":true,"_links":{"self":[{"href":"https:\/\/wendelinbitzan.de\/de\/wp-json\/wp\/v2\/pages\/656","targetHints":{"allow":["GET"]}}],"collection":[{"href":"https:\/\/wendelinbitzan.de\/de\/wp-json\/wp\/v2\/pages"}],"about":[{"href":"https:\/\/wendelinbitzan.de\/de\/wp-json\/wp\/v2\/types\/page"}],"author":[{"embeddable":true,"href":"https:\/\/wendelinbitzan.de\/de\/wp-json\/wp\/v2\/users\/1"}],"replies":[{"embeddable":true,"href":"https:\/\/wendelinbitzan.de\/de\/wp-json\/wp\/v2\/comments?post=656"}],"version-history":[{"count":51,"href":"https:\/\/wendelinbitzan.de\/de\/wp-json\/wp\/v2\/pages\/656\/revisions"}],"predecessor-version":[{"id":3334,"href":"https:\/\/wendelinbitzan.de\/de\/wp-json\/wp\/v2\/pages\/656\/revisions\/3334"}],"up":[{"embeddable":true,"href":"https:\/\/wendelinbitzan.de\/de\/wp-json\/wp\/v2\/pages\/5"}],"wp:attachment":[{"href":"https:\/\/wendelinbitzan.de\/de\/wp-json\/wp\/v2\/media?parent=656"}],"curies":[{"name":"wp","href":"https:\/\/api.w.org\/{rel}","templated":true}]}}