{"id":21,"date":"2016-10-23T20:27:45","date_gmt":"2016-10-23T20:27:45","guid":{"rendered":"https:\/\/wendelinbitzan.wordpress.com\/?page_id=21"},"modified":"2024-09-28T00:52:24","modified_gmt":"2024-09-27T22:52:24","slug":"teaching","status":"publish","type":"page","link":"https:\/\/wendelinbitzan.de\/de\/teaching\/","title":{"rendered":"Lehrt\u00e4tigkeit"},"content":{"rendered":"<h3>Robert Schumann Hochschule D\u00fcsseldorf<\/h3>\n<p>Ich unterrichte als Dozent f\u00fcr Musiktheorie am musikwissenschaftlichen Institut der Robert Schumann Hochschule D\u00fcsseldorf, einer von f\u00fcnf Musikhochschulen im Bundesland Nordrhein-Westfalen. Seit 2018 betreue ich eine Reihe von Seminaren und k\u00fcnstlerisch-praktischen Kursen im Erg\u00e4nzungsfach BA Musikwissenschaft, das in Kooperation mit der Heinrich-Heine-Universit\u00e4t D\u00fcsseldorf angeboten wird \u2013 darunter die Lehrangebote <strong>Satztechnische Grundlagen<\/strong>, <strong>Historische Satzmodelle<\/strong>, <strong>Formenlehre<\/strong>, <strong>Geh\u00f6rbildung<\/strong>, <strong>Repertoirekunde<\/strong> und ein musiktheoretisches<strong> Prop\u00e4deutikum<\/strong>, sowie ein Seminar <strong>Geschichte der Musiktheorie<\/strong> f\u00fcr den Studiengang Musiktheorie und H\u00f6rerziehung.<br \/>\n<!--\n\n\n<h3>Technische Universit\u00e4t Dortmund<\/h3>\n\n\nIm Jahr 2022 nahm ich eine Vertretungsprofessur am Institut f\u00fcr Musik und Musikwissenschaft der Technischen Universit\u00e4t Dortmund an. Dort betreue ich Kurse und Seminare in <strong>historischer Satzlehre<\/strong> und <strong>Analyse<\/strong> f\u00fcr die Musik-Lehramtsstudieng\u00e4nge. --><\/p>\n<h3>Fr\u00fchere Lehrt\u00e4tigkeiten<\/h3>\n<p>In den Jahren 2022\u20132023 habe ich eine Vertretungsprofessur f\u00fcr Musiktheorie an der Technischen Universit\u00e4t Dortmund wahrgenommen. Bis 2018 war ich Lehrbeauftragter im Lehrgebiet Musiktheorie am Institut f\u00fcr Musikwissenschaften und Medienwissenschaften der Humboldt-Universit\u00e4t zu Berlin, wo ich einen satztechnisch-analytischen Kurs im <strong>Renaissance-Kontrapunkt<\/strong> sowie zwei Kurse in <strong>Geh\u00f6rbildung<\/strong> angeboten habe. Seit 2010 habe ich auch an anderen Hochschulen und Universit\u00e4ten in Berlin, Rostock, Detmold und Dortmund unterrichtet und Gruppen- und Einzelunterricht sowie Seminare f\u00fcr Studierende verschiedener Abteilungen und Studieng\u00e4nge erteilt (Konzertfach, Musikp\u00e4dagogik und Lehramt, Tonmeister, Master Musiktheorie, Musikwissenschaft). Die Unterrichtsf\u00e4cher waren: <strong>Tonsatz<\/strong> bzw. Historische Satzlehre, <strong>Geh\u00f6rbildung<\/strong>, <strong>Werkanalyse<\/strong>, H\u00f6ranalyse und <strong>Klavierpraxis<\/strong> bzw. theoriebegleitendes Klavierspiel. Au\u00dferdem leitete ich ein Einf\u00fchrungsseminar <strong>Musik und Medien<\/strong> f\u00fcr Studierende der musikp\u00e4dagogischen F\u00e4cher.<\/p>\n<p>Je nach Auslastung erteile ich auch <strong>Privatunterricht<\/strong> in den oben genannten Unterrichtsf\u00e4chern. Kontaktiert mich gern, um Honorars\u00e4tze und weitere Details zu erfahren.<\/p>\n<hr \/>\n<p>\u2192 <a href=\"https:\/\/wendelinbitzan.de\/teaching\/teaching-resources\/\" rel=\"noopener\">Zur Sammlung von Unterrichtsmaterialien und Arbeitsbl\u00e4ttern<\/a><\/p>\n<p><a href=\"https:\/\/wendelinbitzan.de\/wp-content\/uploads\/2017\/11\/wendelinbitzan_guidelines.pdf\" target=\"_blank\" rel=\"noopener noreferrer\">Leitlinien meiner Lehrmethodik im Fach Musiktheorie<\/a> (PDF)<br \/>\n<a href=\"https:\/\/wendelinbitzan.de\/wp-content\/uploads\/2023\/02\/wendelinbitzan_digitalteaching.pdf\" target=\"_blank\" rel=\"noopener noreferrer\">Leitlinien f\u00fcr einen mediengest\u00fctzten Musiktheorieunterricht<\/a> (PDF, deutsch \/ englisch)<\/p>\n<p><a href=\"https:\/\/wendelinbitzan.de\/teaching\/music-by-theorists\/\">Musik von Musiktheoretikern<\/a> (Playlist)<br \/>\n<a href=\"https:\/\/wendelinbitzan.de\/teaching\/female-composers\/\">Musik von Komponistinnen im Unterricht<\/a> (Playlist)<\/p>\n","protected":false},"excerpt":{"rendered":"<p>Robert Schumann Hochschule D\u00fcsseldorf Ich unterrichte als Dozent f\u00fcr Musiktheorie am musikwissenschaftlichen Institut der Robert Schumann Hochschule D\u00fcsseldorf, einer von f\u00fcnf Musikhochschulen im Bundesland Nordrhein-Westfalen. &hellip;<\/p>\n","protected":false},"author":2,"featured_media":0,"parent":0,"menu_order":0,"comment_status":"closed","ping_status":"closed","template":"","meta":{"jetpack_post_was_ever_published":false,"footnotes":""},"class_list":["post-21","page","type-page","status-publish","hentry"],"jetpack_sharing_enabled":true,"_links":{"self":[{"href":"https:\/\/wendelinbitzan.de\/de\/wp-json\/wp\/v2\/pages\/21","targetHints":{"allow":["GET"]}}],"collection":[{"href":"https:\/\/wendelinbitzan.de\/de\/wp-json\/wp\/v2\/pages"}],"about":[{"href":"https:\/\/wendelinbitzan.de\/de\/wp-json\/wp\/v2\/types\/page"}],"author":[{"embeddable":true,"href":"https:\/\/wendelinbitzan.de\/de\/wp-json\/wp\/v2\/users\/2"}],"replies":[{"embeddable":true,"href":"https:\/\/wendelinbitzan.de\/de\/wp-json\/wp\/v2\/comments?post=21"}],"version-history":[{"count":55,"href":"https:\/\/wendelinbitzan.de\/de\/wp-json\/wp\/v2\/pages\/21\/revisions"}],"predecessor-version":[{"id":3084,"href":"https:\/\/wendelinbitzan.de\/de\/wp-json\/wp\/v2\/pages\/21\/revisions\/3084"}],"wp:attachment":[{"href":"https:\/\/wendelinbitzan.de\/de\/wp-json\/wp\/v2\/media?parent=21"}],"curies":[{"name":"wp","href":"https:\/\/api.w.org\/{rel}","templated":true}]}}